{"id":2,"date":"2020-02-19T08:33:05","date_gmt":"2020-02-19T08:33:05","guid":{"rendered":"http:\/\/zwiromax.pl\/?page_id=2"},"modified":"2022-04-28T22:08:42","modified_gmt":"2022-04-28T20:08:42","slug":"o-firmie-zwiromax","status":"publish","type":"page","link":"https:\/\/zwiromax.pl\/index.php\/o-firmie-zwiromax\/","title":{"rendered":"O firmie"},"content":{"rendered":"\r\n<div>\r\n<div class=\"n2-has-copy n2-code n2-ss-slider-shortcode-id\"><\/div>\r\n<\/div>\r\n\r\n\r\n\r\n<p>&nbsp;<\/p>\r\n\r\n\r\n\r\n<h3 class=\"wp-block-heading\">Wszystkie oferowane przez nas towary posiadaj\u0105 wymagane badania jako\u015bci!<\/h3>\r\n\r\n\r\n\r\n<p><strong><span style=\"text-decoration: underline;\">Motto:<\/span><\/strong><\/p>\r\n\r\n\r\n\r\n<p>&#8222;<em>W naszej pracy du\u017c\u0105 wag\u0119 przyk\u0142adamy do profesjonalizmu wykonywanych dzia\u0142a\u0144. Ich wyznacznikiem jest skrupulatno\u015b\u0107, poparta wieloletnim do\u015bwiadczeniem ca\u0142ego zespo\u0142u. Dzi\u0119ki niej mamy pewno\u015b\u0107, \u017ce us\u0142uga zosta\u0142a wy\u015bwiadczona prawid\u0142owo. Kompleksowa obs\u0142uga ka\u017cdego klienta to druga zasada stosowana w naszych szeregach. Gwarantujemy pe\u0142ne zadowolenie! Wystarczy spojrze\u0107 jak pracujemy<\/em>.&#8221;<\/p>\r\n\r\n<p style=\"padding-left: 40px;\"><\/p>\r\n<p style=\"text-align: center;\"><strong>Przedsi\u0119biorstwo przyjmuje zam\u00f3wienia od firm<br \/>jak i os\u00f3b prywatnych.<\/strong><\/p>\r\n<p style=\"padding-left: 40px; text-align: center;\">\r\n\r\n<\/p>\r\n<p style=\"text-align: center;\"><strong>Ci\u0105gle inwestujemy w nasz park maszynowy, <br \/>aby nasze produkty oraz us\u0142ugi by\u0142y na jak najwy\u017cszym poziomie.<\/strong><\/p>\r\n<p>&nbsp;<\/p>\r\n<p style=\"text-align: center;\"><img loading=\"lazy\" decoding=\"async\" class=\"alignnone wp-image-86 size-large\" src=\"https:\/\/zwiromax.pl\/wp-content\/uploads\/2020\/02\/13-1024x576.jpg\" alt=\"\" width=\"1024\" height=\"576\" srcset=\"https:\/\/zwiromax.pl\/wp-content\/uploads\/2020\/02\/13-1024x576.jpg 1024w, https:\/\/zwiromax.pl\/wp-content\/uploads\/2020\/02\/13-300x169.jpg 300w, https:\/\/zwiromax.pl\/wp-content\/uploads\/2020\/02\/13-768x432.jpg 768w, https:\/\/zwiromax.pl\/wp-content\/uploads\/2020\/02\/13-1536x864.jpg 1536w, https:\/\/zwiromax.pl\/wp-content\/uploads\/2020\/02\/13-2048x1152.jpg 2048w\" sizes=\"auto, (max-width: 1024px) 100vw, 1024px\" \/><\/p>\r\n","protected":false},"excerpt":{"rendered":"<p>&nbsp; Wszystkie oferowane przez nas towary posiadaj\u0105 wymagane badania jako\u015bci! Motto: &#8222;W naszej pracy du\u017c\u0105 wag\u0119 przyk\u0142adamy do profesjonalizmu wykonywanych dzia\u0142a\u0144. Ich wyznacznikiem jest skrupulatno\u015b\u0107, poparta wieloletnim do\u015bwiadczeniem ca\u0142ego zespo\u0142u. Dzi\u0119ki niej mamy pewno\u015b\u0107, \u017ce us\u0142uga zosta\u0142a wy\u015bwiadczona prawid\u0142owo. Kompleksowa obs\u0142uga ka\u017cdego klienta to druga zasada stosowana w naszych szeregach. Gwarantujemy pe\u0142ne zadowolenie! Wystarczy spojrze\u0107 [&hellip;]<\/p>\n","protected":false},"author":1,"featured_media":0,"parent":0,"menu_order":0,"comment_status":"closed","ping_status":"open","template":"","meta":{"footnotes":""},"categories":[3],"tags":[7,5,10,9,8,6,4],"class_list":["post-2","page","type-page","status-publish","hentry","category-oferta-kierowana-do-mieszkancow-miejscowosci-woj-lodzkiego","tag-kruszywo","tag-piasek","tag-rozbiorki","tag-uslugi-budowlane","tag-ziemia-ogrodowa","tag-zwir","tag-zwiromax"],"yoast_head":"<!-- This site is optimized with the Yoast SEO plugin v27.0 - https:\/\/yoast.com\/product\/yoast-seo-wordpress\/ -->\n<title>O firmie - \u017bwiroMax eko bud<\/title>\n<meta name=\"robots\" content=\"index, follow, max-snippet:-1, max-image-preview:large, max-video-preview:-1\" \/>\n<link rel=\"canonical\" href=\"https:\/\/zwiromax.pl\/index.php\/o-firmie-zwiromax\/\" \/>\n<meta property=\"og:locale\" content=\"pl_PL\" \/>\n<meta property=\"og:type\" content=\"article\" \/>\n<meta property=\"og:title\" content=\"O firmie - \u017bwiroMax eko bud\" \/>\n<meta property=\"og:description\" content=\"&nbsp; Wszystkie oferowane przez nas towary posiadaj\u0105 wymagane badania jako\u015bci! Motto: &#8222;W naszej pracy du\u017c\u0105 wag\u0119 przyk\u0142adamy do profesjonalizmu wykonywanych dzia\u0142a\u0144. Ich wyznacznikiem jest skrupulatno\u015b\u0107, poparta wieloletnim do\u015bwiadczeniem ca\u0142ego zespo\u0142u. Dzi\u0119ki niej mamy pewno\u015b\u0107, \u017ce us\u0142uga zosta\u0142a wy\u015bwiadczona prawid\u0142owo. Kompleksowa obs\u0142uga ka\u017cdego klienta to druga zasada stosowana w naszych szeregach. Gwarantujemy pe\u0142ne zadowolenie! Wystarczy spojrze\u0107 [&hellip;]\" \/>\n<meta property=\"og:url\" content=\"https:\/\/zwiromax.pl\/index.php\/o-firmie-zwiromax\/\" \/>\n<meta property=\"og:site_name\" content=\"\u017bwiroMax eko bud\" \/>\n<meta property=\"article:modified_time\" content=\"2022-04-28T20:08:42+00:00\" \/>\n<meta property=\"og:image\" content=\"https:\/\/zwiromax.pl\/wp-content\/uploads\/2020\/02\/13-1024x576.jpg\" \/>\n<meta name=\"twitter:card\" content=\"summary_large_image\" \/>\n<meta name=\"twitter:label1\" content=\"Szacowany czas czytania\" \/>\n\t<meta name=\"twitter:data1\" content=\"1 minuta\" \/>\n<script type=\"application\/ld+json\" class=\"yoast-schema-graph\">{\"@context\":\"https:\/\/schema.org\",\"@graph\":[{\"@type\":\"WebPage\",\"@id\":\"https:\/\/zwiromax.pl\/index.php\/o-firmie-zwiromax\/\",\"url\":\"https:\/\/zwiromax.pl\/index.php\/o-firmie-zwiromax\/\",\"name\":\"O firmie - \u017bwiroMax eko bud\",\"isPartOf\":{\"@id\":\"https:\/\/zwiromax.pl\/#website\"},\"primaryImageOfPage\":{\"@id\":\"https:\/\/zwiromax.pl\/index.php\/o-firmie-zwiromax\/#primaryimage\"},\"image\":{\"@id\":\"https:\/\/zwiromax.pl\/index.php\/o-firmie-zwiromax\/#primaryimage\"},\"thumbnailUrl\":\"https:\/\/zwiromax.pl\/wp-content\/uploads\/2020\/02\/13-1024x576.jpg\",\"datePublished\":\"2020-02-19T08:33:05+00:00\",\"dateModified\":\"2022-04-28T20:08:42+00:00\",\"breadcrumb\":{\"@id\":\"https:\/\/zwiromax.pl\/index.php\/o-firmie-zwiromax\/#breadcrumb\"},\"inLanguage\":\"pl-PL\",\"potentialAction\":[{\"@type\":\"ReadAction\",\"target\":[\"https:\/\/zwiromax.pl\/index.php\/o-firmie-zwiromax\/\"]}]},{\"@type\":\"ImageObject\",\"inLanguage\":\"pl-PL\",\"@id\":\"https:\/\/zwiromax.pl\/index.php\/o-firmie-zwiromax\/#primaryimage\",\"url\":\"https:\/\/zwiromax.pl\/wp-content\/uploads\/2020\/02\/13-1024x576.jpg\",\"contentUrl\":\"https:\/\/zwiromax.pl\/wp-content\/uploads\/2020\/02\/13-1024x576.jpg\"},{\"@type\":\"BreadcrumbList\",\"@id\":\"https:\/\/zwiromax.pl\/index.php\/o-firmie-zwiromax\/#breadcrumb\",\"itemListElement\":[{\"@type\":\"ListItem\",\"position\":1,\"name\":\"Strona g\u0142\u00f3wna\",\"item\":\"https:\/\/zwiromax.pl\/\"},{\"@type\":\"ListItem\",\"position\":2,\"name\":\"O firmie\"}]},{\"@type\":\"WebSite\",\"@id\":\"https:\/\/zwiromax.pl\/#website\",\"url\":\"https:\/\/zwiromax.pl\/\",\"name\":\"\u017bwiroMax eko bud\",\"description\":\"Oferta piasku, \u017cwiru, kruszyw i ziemi ogrodowej\",\"publisher\":{\"@id\":\"https:\/\/zwiromax.pl\/#organization\"},\"potentialAction\":[{\"@type\":\"SearchAction\",\"target\":{\"@type\":\"EntryPoint\",\"urlTemplate\":\"https:\/\/zwiromax.pl\/?s={search_term_string}\"},\"query-input\":{\"@type\":\"PropertyValueSpecification\",\"valueRequired\":true,\"valueName\":\"search_term_string\"}}],\"inLanguage\":\"pl-PL\"},{\"@type\":\"Organization\",\"@id\":\"https:\/\/zwiromax.pl\/#organization\",\"name\":\"\u017bwiroMax eko bud\",\"url\":\"https:\/\/zwiromax.pl\/\",\"logo\":{\"@type\":\"ImageObject\",\"inLanguage\":\"pl-PL\",\"@id\":\"https:\/\/zwiromax.pl\/#\/schema\/logo\/image\/\",\"url\":\"https:\/\/zwiromax.pl\/wp-content\/uploads\/2024\/01\/cropped-3.png\",\"contentUrl\":\"https:\/\/zwiromax.pl\/wp-content\/uploads\/2024\/01\/cropped-3.png\",\"width\":1000,\"height\":271,\"caption\":\"\u017bwiroMax eko bud\"},\"image\":{\"@id\":\"https:\/\/zwiromax.pl\/#\/schema\/logo\/image\/\"}}]}<\/script>\n<!-- \/ Yoast SEO plugin. -->","yoast_head_json":{"title":"O firmie - \u017bwiroMax eko bud","robots":{"index":"index","follow":"follow","max-snippet":"max-snippet:-1","max-image-preview":"max-image-preview:large","max-video-preview":"max-video-preview:-1"},"canonical":"https:\/\/zwiromax.pl\/index.php\/o-firmie-zwiromax\/","og_locale":"pl_PL","og_type":"article","og_title":"O firmie - \u017bwiroMax eko bud","og_description":"&nbsp; Wszystkie oferowane przez nas towary posiadaj\u0105 wymagane badania jako\u015bci! Motto: &#8222;W naszej pracy du\u017c\u0105 wag\u0119 przyk\u0142adamy do profesjonalizmu wykonywanych dzia\u0142a\u0144. Ich wyznacznikiem jest skrupulatno\u015b\u0107, poparta wieloletnim do\u015bwiadczeniem ca\u0142ego zespo\u0142u. Dzi\u0119ki niej mamy pewno\u015b\u0107, \u017ce us\u0142uga zosta\u0142a wy\u015bwiadczona prawid\u0142owo. Kompleksowa obs\u0142uga ka\u017cdego klienta to druga zasada stosowana w naszych szeregach. Gwarantujemy pe\u0142ne zadowolenie! Wystarczy spojrze\u0107 [&hellip;]","og_url":"https:\/\/zwiromax.pl\/index.php\/o-firmie-zwiromax\/","og_site_name":"\u017bwiroMax eko bud","article_modified_time":"2022-04-28T20:08:42+00:00","og_image":[{"url":"https:\/\/zwiromax.pl\/wp-content\/uploads\/2020\/02\/13-1024x576.jpg","type":"","width":"","height":""}],"twitter_card":"summary_large_image","twitter_misc":{"Szacowany czas czytania":"1 minuta"},"schema":{"@context":"https:\/\/schema.org","@graph":[{"@type":"WebPage","@id":"https:\/\/zwiromax.pl\/index.php\/o-firmie-zwiromax\/","url":"https:\/\/zwiromax.pl\/index.php\/o-firmie-zwiromax\/","name":"O firmie - \u017bwiroMax eko bud","isPartOf":{"@id":"https:\/\/zwiromax.pl\/#website"},"primaryImageOfPage":{"@id":"https:\/\/zwiromax.pl\/index.php\/o-firmie-zwiromax\/#primaryimage"},"image":{"@id":"https:\/\/zwiromax.pl\/index.php\/o-firmie-zwiromax\/#primaryimage"},"thumbnailUrl":"https:\/\/zwiromax.pl\/wp-content\/uploads\/2020\/02\/13-1024x576.jpg","datePublished":"2020-02-19T08:33:05+00:00","dateModified":"2022-04-28T20:08:42+00:00","breadcrumb":{"@id":"https:\/\/zwiromax.pl\/index.php\/o-firmie-zwiromax\/#breadcrumb"},"inLanguage":"pl-PL","potentialAction":[{"@type":"ReadAction","target":["https:\/\/zwiromax.pl\/index.php\/o-firmie-zwiromax\/"]}]},{"@type":"ImageObject","inLanguage":"pl-PL","@id":"https:\/\/zwiromax.pl\/index.php\/o-firmie-zwiromax\/#primaryimage","url":"https:\/\/zwiromax.pl\/wp-content\/uploads\/2020\/02\/13-1024x576.jpg","contentUrl":"https:\/\/zwiromax.pl\/wp-content\/uploads\/2020\/02\/13-1024x576.jpg"},{"@type":"BreadcrumbList","@id":"https:\/\/zwiromax.pl\/index.php\/o-firmie-zwiromax\/#breadcrumb","itemListElement":[{"@type":"ListItem","position":1,"name":"Strona g\u0142\u00f3wna","item":"https:\/\/zwiromax.pl\/"},{"@type":"ListItem","position":2,"name":"O firmie"}]},{"@type":"WebSite","@id":"https:\/\/zwiromax.pl\/#website","url":"https:\/\/zwiromax.pl\/","name":"\u017bwiroMax eko bud","description":"Oferta piasku, \u017cwiru, kruszyw i ziemi ogrodowej","publisher":{"@id":"https:\/\/zwiromax.pl\/#organization"},"potentialAction":[{"@type":"SearchAction","target":{"@type":"EntryPoint","urlTemplate":"https:\/\/zwiromax.pl\/?s={search_term_string}"},"query-input":{"@type":"PropertyValueSpecification","valueRequired":true,"valueName":"search_term_string"}}],"inLanguage":"pl-PL"},{"@type":"Organization","@id":"https:\/\/zwiromax.pl\/#organization","name":"\u017bwiroMax eko bud","url":"https:\/\/zwiromax.pl\/","logo":{"@type":"ImageObject","inLanguage":"pl-PL","@id":"https:\/\/zwiromax.pl\/#\/schema\/logo\/image\/","url":"https:\/\/zwiromax.pl\/wp-content\/uploads\/2024\/01\/cropped-3.png","contentUrl":"https:\/\/zwiromax.pl\/wp-content\/uploads\/2024\/01\/cropped-3.png","width":1000,"height":271,"caption":"\u017bwiroMax eko bud"},"image":{"@id":"https:\/\/zwiromax.pl\/#\/schema\/logo\/image\/"}}]}},"_links":{"self":[{"href":"https:\/\/zwiromax.pl\/index.php\/wp-json\/wp\/v2\/pages\/2","targetHints":{"allow":["GET"]}}],"collection":[{"href":"https:\/\/zwiromax.pl\/index.php\/wp-json\/wp\/v2\/pages"}],"about":[{"href":"https:\/\/zwiromax.pl\/index.php\/wp-json\/wp\/v2\/types\/page"}],"author":[{"embeddable":true,"href":"https:\/\/zwiromax.pl\/index.php\/wp-json\/wp\/v2\/users\/1"}],"replies":[{"embeddable":true,"href":"https:\/\/zwiromax.pl\/index.php\/wp-json\/wp\/v2\/comments?post=2"}],"version-history":[{"count":9,"href":"https:\/\/zwiromax.pl\/index.php\/wp-json\/wp\/v2\/pages\/2\/revisions"}],"predecessor-version":[{"id":154,"href":"https:\/\/zwiromax.pl\/index.php\/wp-json\/wp\/v2\/pages\/2\/revisions\/154"}],"wp:attachment":[{"href":"https:\/\/zwiromax.pl\/index.php\/wp-json\/wp\/v2\/media?parent=2"}],"wp:term":[{"taxonomy":"category","embeddable":true,"href":"https:\/\/zwiromax.pl\/index.php\/wp-json\/wp\/v2\/categories?post=2"},{"taxonomy":"post_tag","embeddable":true,"href":"https:\/\/zwiromax.pl\/index.php\/wp-json\/wp\/v2\/tags?post=2"}],"curies":[{"name":"wp","href":"https:\/\/api.w.org\/{rel}","templated":true}]}}